{"id":5286,"date":"2025-11-04T09:26:50","date_gmt":"2025-11-04T15:26:50","guid":{"rendered":"https:\/\/www.xum-tech.com\/?page_id=5286"},"modified":"2025-11-07T08:03:59","modified_gmt":"2025-11-07T14:03:59","slug":"contactanos-y-descubri-como-maximizar-la-gestion-de-tus-comisiones","status":"publish","type":"page","link":"https:\/\/www.xum-tech.com\/en\/contactanos-y-descubri-como-maximizar-la-gestion-de-tus-comisiones\/","title":{"rendered":"Contact us and discover how to maximize your commission management."},"content":{"rendered":"\t\t<div data-elementor-type=\"wp-page\" data-elementor-id=\"5286\" class=\"elementor elementor-5286\" data-elementor-settings=\"{&quot;ha_cmc_init_switcher&quot;:&quot;no&quot;}\" data-elementor-post-type=\"page\">\n\t\t\t\t<div class=\"elementor-element elementor-element-5b9e2e6 e-flex e-con-boxed e-con e-parent\" data-id=\"5b9e2e6\" data-element_type=\"container\" data-e-type=\"container\" data-settings=\"{&quot;background_background&quot;:&quot;gradient&quot;,&quot;_ha_eqh_enable&quot;:false}\">\n\t\t\t\t\t<div class=\"e-con-inner\">\n\t\t\t\t<div class=\"elementor-element elementor-element-3986090 elementor-widget elementor-widget-spacer\" data-id=\"3986090\" data-element_type=\"widget\" data-e-type=\"widget\" data-widget_type=\"spacer.default\">\n\t\t\t\t<div class=\"elementor-widget-container\">\n\t\t\t\t\t\t\t<div class=\"elementor-spacer\">\n\t\t\t<div class=\"elementor-spacer-inner\"><\/div>\n\t\t<\/div>\n\t\t\t\t\t\t<\/div>\n\t\t\t\t<\/div>\n\t\t<div class=\"elementor-element elementor-element-8d5c38e e-con-full contenedor e-flex e-con e-child\" data-id=\"8d5c38e\" data-element_type=\"container\" data-e-type=\"container\" data-settings=\"{&quot;_ha_eqh_enable&quot;:false}\">\n\t\t<div class=\"elementor-element elementor-element-a1e275e e-con-full e-flex e-con e-child\" data-id=\"a1e275e\" data-element_type=\"container\" data-e-type=\"container\" data-settings=\"{&quot;_ha_eqh_enable&quot;:false}\">\n\t\t\t\t<div class=\"elementor-element elementor-element-fcb8a8d elementor-widget elementor-widget-image\" data-id=\"fcb8a8d\" data-element_type=\"widget\" data-e-type=\"widget\" data-widget_type=\"image.default\">\n\t\t\t\t<div class=\"elementor-widget-container\">\n\t\t\t\t\t\t\t\t\t\t\t\t\t\t\t<img fetchpriority=\"high\" decoding=\"async\" width=\"469\" height=\"189\" src=\"https:\/\/www.xum-tech.com\/wp-content\/uploads\/2025\/11\/SPIFF.png\" class=\"attachment-full size-full wp-image-5270\" alt=\"\" srcset=\"https:\/\/www.xum-tech.com\/wp-content\/uploads\/2025\/11\/SPIFF.png 469w, https:\/\/www.xum-tech.com\/wp-content\/uploads\/2025\/11\/SPIFF-300x121.png 300w, https:\/\/www.xum-tech.com\/wp-content\/uploads\/2025\/11\/SPIFF-18x7.png 18w\" sizes=\"(max-width: 469px) 100vw, 469px\" \/>\t\t\t\t\t\t\t\t\t\t\t\t\t\t\t<\/div>\n\t\t\t\t<\/div>\n\t\t\t\t<div class=\"elementor-element elementor-element-9be9092 elementor-widget elementor-widget-heading\" data-id=\"9be9092\" data-element_type=\"widget\" data-e-type=\"widget\" data-widget_type=\"heading.default\">\n\t\t\t\t<div class=\"elementor-widget-container\">\n\t\t\t\t\t<h2 class=\"elementor-heading-title elementor-size-default\">Contactanos y descubr\u00ed c\u00f3mo maximizar la gesti\u00f3n de tus comisiones.\u200b<\/h2>\t\t\t\t<\/div>\n\t\t\t\t<\/div>\n\t\t\t\t<div class=\"elementor-element elementor-element-03c7416 elementor-widget elementor-widget-text-editor\" data-id=\"03c7416\" data-element_type=\"widget\" data-e-type=\"widget\" data-widget_type=\"text-editor.default\">\n\t\t\t\t<div class=\"elementor-widget-container\">\n\t\t\t\t\t\t\t\t\t<p>Habl\u00e1 con uno de nuestros expertos y conoc\u00e9 c\u00f3mo pod\u00e9s simplificar la administraci\u00f3n de incentivos y motivar a tu equipo para cerrar m\u00e1s negocios.<\/p><p>Con nuestra soluci\u00f3n vas a poder:\u200b<\/p>\t\t\t\t\t\t\t\t<\/div>\n\t\t\t\t<\/div>\n\t\t\t\t<div class=\"elementor-element elementor-element-bc27355 elementor-icon-list--layout-traditional elementor-list-item-link-full_width elementor-widget elementor-widget-icon-list\" data-id=\"bc27355\" data-element_type=\"widget\" data-e-type=\"widget\" data-widget_type=\"icon-list.default\">\n\t\t\t\t<div class=\"elementor-widget-container\">\n\t\t\t\t\t\t\t<ul class=\"elementor-icon-list-items\">\n\t\t\t\t\t\t\t<li class=\"elementor-icon-list-item\">\n\t\t\t\t\t\t\t\t\t\t\t<span class=\"elementor-icon-list-icon\">\n\t\t\t\t\t\t\t<svg aria-hidden=\"true\" class=\"e-font-icon-svg e-fas-check\" viewBox=\"0 0 512 512\" xmlns=\"http:\/\/www.w3.org\/2000\/svg\"><path d=\"M173.898 439.404l-166.4-166.4c-9.997-9.997-9.997-26.206 0-36.204l36.203-36.204c9.997-9.998 26.207-9.998 36.204 0L192 312.69 432.095 72.596c9.997-9.997 26.207-9.997 36.204 0l36.203 36.204c9.997 9.997 9.997 26.206 0 36.204l-294.4 294.401c-9.998 9.997-26.207 9.997-36.204-.001z\"><\/path><\/svg>\t\t\t\t\t\t<\/span>\n\t\t\t\t\t\t\t\t\t\t<span class=\"elementor-icon-list-text\">Motivar a tu fuerza de ventas de forma m\u00e1s efectiva.\u200b<\/span>\n\t\t\t\t\t\t\t\t\t<\/li>\n\t\t\t\t\t\t\t\t<li class=\"elementor-icon-list-item\">\n\t\t\t\t\t\t\t\t\t\t\t<span class=\"elementor-icon-list-icon\">\n\t\t\t\t\t\t\t<svg aria-hidden=\"true\" class=\"e-font-icon-svg e-fas-check\" viewBox=\"0 0 512 512\" xmlns=\"http:\/\/www.w3.org\/2000\/svg\"><path d=\"M173.898 439.404l-166.4-166.4c-9.997-9.997-9.997-26.206 0-36.204l36.203-36.204c9.997-9.998 26.207-9.998 36.204 0L192 312.69 432.095 72.596c9.997-9.997 26.207-9.997 36.204 0l36.203 36.204c9.997 9.997 9.997 26.206 0 36.204l-294.4 294.401c-9.998 9.997-26.207 9.997-36.204-.001z\"><\/path><\/svg>\t\t\t\t\t\t<\/span>\n\t\t\t\t\t\t\t\t\t\t<span class=\"elementor-icon-list-text\">Dise\u00f1ar y ajustar planes de comisi\u00f3n en tiempo r\u00e9cord.\u200b<\/span>\n\t\t\t\t\t\t\t\t\t<\/li>\n\t\t\t\t\t\t\t\t<li class=\"elementor-icon-list-item\">\n\t\t\t\t\t\t\t\t\t\t\t<span class=\"elementor-icon-list-icon\">\n\t\t\t\t\t\t\t<svg aria-hidden=\"true\" class=\"e-font-icon-svg e-fas-check\" viewBox=\"0 0 512 512\" xmlns=\"http:\/\/www.w3.org\/2000\/svg\"><path d=\"M173.898 439.404l-166.4-166.4c-9.997-9.997-9.997-26.206 0-36.204l36.203-36.204c9.997-9.998 26.207-9.998 36.204 0L192 312.69 432.095 72.596c9.997-9.997 26.207-9.997 36.204 0l36.203 36.204c9.997 9.997 9.997 26.206 0 36.204l-294.4 294.401c-9.998 9.997-26.207 9.997-36.204-.001z\"><\/path><\/svg>\t\t\t\t\t\t<\/span>\n\t\t\t\t\t\t\t\t\t\t<span class=\"elementor-icon-list-text\">Automatizar pagos con total precisi\u00f3n.\u200b<\/span>\n\t\t\t\t\t\t\t\t\t<\/li>\n\t\t\t\t\t\t<\/ul>\n\t\t\t\t\t\t<\/div>\n\t\t\t\t<\/div>\n\t\t\t\t<div class=\"elementor-element elementor-element-85fd06e elementor-widget elementor-widget-text-editor\" data-id=\"85fd06e\" data-element_type=\"widget\" data-e-type=\"widget\" data-widget_type=\"text-editor.default\">\n\t\t\t\t<div class=\"elementor-widget-container\">\n\t\t\t\t\t\t\t\t\tContanos un poco sobre vos y nos pondremos en contacto muy pronto.\u200b\t\t\t\t\t\t\t\t<\/div>\n\t\t\t\t<\/div>\n\t\t\t\t<div class=\"elementor-element elementor-element-f0cf590 elementor-widget elementor-widget-spacer\" data-id=\"f0cf590\" data-element_type=\"widget\" data-e-type=\"widget\" data-widget_type=\"spacer.default\">\n\t\t\t\t<div class=\"elementor-widget-container\">\n\t\t\t\t\t\t\t<div class=\"elementor-spacer\">\n\t\t\t<div class=\"elementor-spacer-inner\"><\/div>\n\t\t<\/div>\n\t\t\t\t\t\t<\/div>\n\t\t\t\t<\/div>\n\t\t\t\t<\/div>\n\t\t<div class=\"elementor-element elementor-element-d7d7dbc e-con-full contenedor e-flex e-con e-child\" data-id=\"d7d7dbc\" data-element_type=\"container\" data-e-type=\"container\" data-settings=\"{&quot;background_background&quot;:&quot;classic&quot;,&quot;_ha_eqh_enable&quot;:false}\">\n\t\t\t\t<div class=\"elementor-element elementor-element-70a3c2d elementor-button-align-start elementor-mobile-button-align-start elementor-widget__width-inherit elementor-widget elementor-widget-form\" data-id=\"70a3c2d\" data-element_type=\"widget\" data-e-type=\"widget\" data-settings=\"{&quot;step_next_label&quot;:&quot;Next&quot;,&quot;step_previous_label&quot;:&quot;Previous&quot;,&quot;button_width&quot;:&quot;100&quot;,&quot;step_type&quot;:&quot;number_text&quot;,&quot;step_icon_shape&quot;:&quot;circle&quot;}\" data-widget_type=\"form.default\">\n\t\t\t\t<div class=\"elementor-widget-container\">\n\t\t\t\t\t\t\t<form class=\"elementor-form\" method=\"post\" name=\"Contacto SPIFF\" aria-label=\"Contacto SPIFF\">\n\t\t\t<input type=\"hidden\" name=\"post_id\" value=\"5286\"\/>\n\t\t\t<input type=\"hidden\" name=\"form_id\" value=\"70a3c2d\"\/>\n\t\t\t<input type=\"hidden\" name=\"referer_title\" value=\"XUMTECH\" \/>\n\n\t\t\t\n\t\t\t<div class=\"elementor-form-fields-wrapper elementor-labels-\">\n\t\t\t\t\t\t\t\t<div class=\"elementor-field-type-text elementor-field-group elementor-column elementor-field-group-name elementor-col-50 elementor-field-required\">\n\t\t\t\t\t\t\t\t\t\t\t\t<label for=\"form-field-name\" class=\"elementor-field-label elementor-screen-only\">\n\t\t\t\t\t\t\t\tNombre y Apellido\t\t\t\t\t\t\t<\/label>\n\t\t\t\t\t\t\t\t\t\t\t\t\t\t<input size=\"1\" type=\"text\" name=\"form_fields[name]\" id=\"form-field-name\" class=\"elementor-field elementor-size-sm  elementor-field-textual\" placeholder=\"Nombre y Apellido\" required=\"required\">\n\t\t\t\t\t\t\t\t\t\t\t<\/div>\n\t\t\t\t\t\t\t\t<div class=\"elementor-field-type-text elementor-field-group elementor-column elementor-field-group-field_4b2dc76 elementor-col-50 elementor-field-required\">\n\t\t\t\t\t\t\t\t\t\t\t\t<label for=\"form-field-field_4b2dc76\" class=\"elementor-field-label elementor-screen-only\">\n\t\t\t\t\t\t\t\tCargo\u200b dentro de la empresa\t\t\t\t\t\t\t<\/label>\n\t\t\t\t\t\t\t\t\t\t\t\t\t\t<input size=\"1\" type=\"text\" name=\"form_fields[field_4b2dc76]\" id=\"form-field-field_4b2dc76\" class=\"elementor-field elementor-size-sm  elementor-field-textual\" placeholder=\"Cargo\u200b dentro de la empresa\" required=\"required\">\n\t\t\t\t\t\t\t\t\t\t\t<\/div>\n\t\t\t\t\t\t\t\t<div class=\"elementor-field-type-email elementor-field-group elementor-column elementor-field-group-email elementor-col-100 elementor-field-required\">\n\t\t\t\t\t\t\t\t\t\t\t\t<label for=\"form-field-email\" class=\"elementor-field-label elementor-screen-only\">\n\t\t\t\t\t\t\t\tEmail\t\t\t\t\t\t\t<\/label>\n\t\t\t\t\t\t\t\t\t\t\t\t\t\t<input size=\"1\" type=\"email\" name=\"form_fields[email]\" id=\"form-field-email\" class=\"elementor-field elementor-size-sm  elementor-field-textual\" placeholder=\"Email\" required=\"required\">\n\t\t\t\t\t\t\t\t\t\t\t<\/div>\n\t\t\t\t\t\t\t\t<div class=\"elementor-field-type-text elementor-field-group elementor-column elementor-field-group-field_a2af752 elementor-col-50 elementor-field-required\">\n\t\t\t\t\t\t\t\t\t\t\t\t<label for=\"form-field-field_a2af752\" class=\"elementor-field-label elementor-screen-only\">\n\t\t\t\t\t\t\t\tCantidad de colaboradores\u200b\t\t\t\t\t\t\t<\/label>\n\t\t\t\t\t\t\t\t\t\t\t\t\t\t<input size=\"1\" type=\"text\" name=\"form_fields[field_a2af752]\" id=\"form-field-field_a2af752\" class=\"elementor-field elementor-size-sm  elementor-field-textual\" placeholder=\"Cantidad de colaboradores\u200b\" required=\"required\">\n\t\t\t\t\t\t\t\t\t\t\t<\/div>\n\t\t\t\t\t\t\t\t<div class=\"elementor-field-type-text elementor-field-group elementor-column elementor-field-group-field_1f5d52b elementor-col-50 elementor-field-required\">\n\t\t\t\t\t\t\t\t\t\t\t\t<label for=\"form-field-field_1f5d52b\" class=\"elementor-field-label elementor-screen-only\">\n\t\t\t\t\t\t\t\tTel\u00e9fono\t\t\t\t\t\t\t<\/label>\n\t\t\t\t\t\t\t\t\t\t\t\t\t\t<input size=\"1\" type=\"text\" name=\"form_fields[field_1f5d52b]\" id=\"form-field-field_1f5d52b\" class=\"elementor-field elementor-size-sm  elementor-field-textual\" placeholder=\"Tel\u00e9fono\" required=\"required\">\n\t\t\t\t\t\t\t\t\t\t\t<\/div>\n\t\t\t\t\t\t\t\t<div class=\"elementor-field-type-text elementor-field-group elementor-column elementor-field-group-field_e78ceff elementor-col-100 elementor-field-required\">\n\t\t\t\t\t\t\t\t\t\t\t\t<label for=\"form-field-field_e78ceff\" class=\"elementor-field-label elementor-screen-only\">\n\t\t\t\t\t\t\t\tPa\u00eds \/ Regi\u00f3n\u200b\t\t\t\t\t\t\t<\/label>\n\t\t\t\t\t\t\t\t\t\t\t\t\t\t<input size=\"1\" type=\"text\" name=\"form_fields[field_e78ceff]\" id=\"form-field-field_e78ceff\" class=\"elementor-field elementor-size-sm  elementor-field-textual\" placeholder=\"Pa\u00eds \/ Regi\u00f3n\u200b\" required=\"required\">\n\t\t\t\t\t\t\t\t\t\t\t<\/div>\n\t\t\t\t\t\t\t\t<div class=\"elementor-field-type-recaptcha_v3 elementor-field-group elementor-column elementor-field-group-field_146462d elementor-col-100 recaptcha_v3-bottomright\">\n\t\t\t\t\t<div class=\"elementor-field\" id=\"form-field-field_146462d\"><div class=\"elementor-g-recaptcha\" data-sitekey=\"6LfpnoYrAAAAAItmSsT63RNQt-q4FnlKeuXraJB3\" data-type=\"v3\" data-action=\"Form\" data-badge=\"bottomright\" data-size=\"invisible\"><\/div><\/div>\t\t\t\t<\/div>\n\t\t\t\t\t\t\t\t<div class=\"elementor-field-group elementor-column elementor-field-type-submit elementor-col-100 e-form__buttons\">\n\t\t\t\t\t<button class=\"elementor-button elementor-size-sm\" type=\"submit\">\n\t\t\t\t\t\t<span class=\"elementor-button-content-wrapper\">\n\t\t\t\t\t\t\t\t\t\t\t\t\t\t\t<span class=\"elementor-button-icon\">\n\t\t\t\t\t\t\t\t\t<svg xmlns=\"http:\/\/www.w3.org\/2000\/svg\" id=\"Layer_2\" viewBox=\"0 0 16.4 17\"><defs><style>      .st0 {        fill: #190c48;      }    <\/style><\/defs><g id=\"Vector\"><g><polygon class=\"st0\" points=\"8.3 17 7.6 16.4 15 8.5 7.6 .7 8.3 0 16.4 8.5 8.3 17\"><\/polygon><rect class=\"st0\" y=\"8\" width=\"15.7\" height=\"1\"><\/rect><\/g><\/g><\/svg>\t\t\t\t\t\t\t\t\t\t\t\t\t\t\t\t\t<\/span>\n\t\t\t\t\t\t\t\t\t\t\t\t\t\t\t\t\t\t\t\t\t\t<span class=\"elementor-button-text\">Enviar<\/span>\n\t\t\t\t\t\t\t\t\t\t\t\t\t<\/span>\n\t\t\t\t\t<\/button>\n\t\t\t\t<\/div>\n\t\t\t<\/div>\n\t\t<\/form>\n\t\t\t\t\t\t<\/div>\n\t\t\t\t<\/div>\n\t\t\t\t<\/div>\n\t\t\t\t<\/div>\n\t\t\t\t\t<\/div>\n\t\t\t\t<\/div>\n\t\t\t\t<\/div>\n\t\t","protected":false},"excerpt":{"rendered":"<p>Contactanos y descubr\u00ed c\u00f3mo maximizar la gesti\u00f3n de tus comisiones.\u200b Habl\u00e1 con uno de nuestros expertos y conoc\u00e9 c\u00f3mo pod\u00e9s simplificar la administraci\u00f3n de incentivos y motivar a tu equipo para cerrar m\u00e1s negocios. Con nuestra soluci\u00f3n vas a poder:\u200b Motivar a tu fuerza de ventas de forma m\u00e1s efectiva.\u200b Dise\u00f1ar y ajustar planes de [&hellip;]<\/p>\n","protected":false},"author":1,"featured_media":0,"parent":0,"menu_order":0,"comment_status":"closed","ping_status":"closed","template":"elementor_header_footer","meta":{"footnotes":""},"class_list":["post-5286","page","type-page","status-publish","hentry"],"yoast_head":"<!-- This site is optimized with the Yoast SEO plugin v27.3 - https:\/\/yoast.com\/product\/yoast-seo-wordpress\/ -->\n<title>Conversemos &#8212; XUMTECH<\/title>\n<meta name=\"description\" content=\"Conversemos sobre sus principales inquietudes y retos, y valoremos c\u00f3mo nuestros servicios pueden aportar al logro de sus metas.\" \/>\n<meta name=\"robots\" content=\"index, follow, max-snippet:-1, max-image-preview:large, max-video-preview:-1\" \/>\n<link rel=\"canonical\" href=\"https:\/\/www.xum-tech.com\/en\/contactanos-y-descubri-como-maximizar-la-gestion-de-tus-comisiones\/\" \/>\n<meta property=\"og:locale\" content=\"en_US\" \/>\n<meta property=\"og:type\" content=\"article\" \/>\n<meta property=\"og:title\" content=\"Conversemos &#8212; XUMTECH\" \/>\n<meta property=\"og:description\" content=\"Conversemos sobre sus principales inquietudes y retos, y valoremos c\u00f3mo nuestros servicios pueden aportar al logro de sus metas.\" \/>\n<meta property=\"og:url\" content=\"https:\/\/www.xum-tech.com\/en\/contactanos-y-descubri-como-maximizar-la-gestion-de-tus-comisiones\/\" \/>\n<meta property=\"og:site_name\" content=\"XUMTECH\" \/>\n<meta property=\"article:publisher\" content=\"https:\/\/www.facebook.com\/people\/Xumtech-Experiencia-Digital\/100084848690331\/?sk=about\" \/>\n<meta property=\"article:modified_time\" content=\"2025-11-07T14:03:59+00:00\" \/>\n<meta property=\"og:image\" content=\"https:\/\/www.xum-tech.com\/wp-content\/uploads\/2025\/11\/SPIFF.png\" \/>\n\t<meta property=\"og:image:width\" content=\"469\" \/>\n\t<meta property=\"og:image:height\" content=\"189\" \/>\n\t<meta property=\"og:image:type\" content=\"image\/png\" \/>\n<meta name=\"twitter:card\" content=\"summary_large_image\" \/>\n<meta name=\"twitter:label1\" content=\"Est. reading time\" \/>\n\t<meta name=\"twitter:data1\" content=\"1 minute\" \/>\n<script type=\"application\/ld+json\" class=\"yoast-schema-graph\">{\"@context\":\"https:\\\/\\\/schema.org\",\"@graph\":[{\"@type\":\"WebPage\",\"@id\":\"https:\\\/\\\/www.xum-tech.com\\\/contactanos-y-descubri-como-maximizar-la-gestion-de-tus-comisiones\\\/\",\"url\":\"https:\\\/\\\/www.xum-tech.com\\\/contactanos-y-descubri-como-maximizar-la-gestion-de-tus-comisiones\\\/\",\"name\":\"Conversemos &#8212; XUMTECH\",\"isPartOf\":{\"@id\":\"https:\\\/\\\/www.xum-tech.com\\\/#website\"},\"primaryImageOfPage\":{\"@id\":\"https:\\\/\\\/www.xum-tech.com\\\/contactanos-y-descubri-como-maximizar-la-gestion-de-tus-comisiones\\\/#primaryimage\"},\"image\":{\"@id\":\"https:\\\/\\\/www.xum-tech.com\\\/contactanos-y-descubri-como-maximizar-la-gestion-de-tus-comisiones\\\/#primaryimage\"},\"thumbnailUrl\":\"https:\\\/\\\/www.xum-tech.com\\\/wp-content\\\/uploads\\\/2025\\\/11\\\/SPIFF.png\",\"datePublished\":\"2025-11-04T15:26:50+00:00\",\"dateModified\":\"2025-11-07T14:03:59+00:00\",\"description\":\"Conversemos sobre sus principales inquietudes y retos, y valoremos c\u00f3mo nuestros servicios pueden aportar al logro de sus metas.\",\"breadcrumb\":{\"@id\":\"https:\\\/\\\/www.xum-tech.com\\\/contactanos-y-descubri-como-maximizar-la-gestion-de-tus-comisiones\\\/#breadcrumb\"},\"inLanguage\":\"en-US\",\"potentialAction\":[{\"@type\":\"ReadAction\",\"target\":[\"https:\\\/\\\/www.xum-tech.com\\\/contactanos-y-descubri-como-maximizar-la-gestion-de-tus-comisiones\\\/\"]}]},{\"@type\":\"ImageObject\",\"inLanguage\":\"en-US\",\"@id\":\"https:\\\/\\\/www.xum-tech.com\\\/contactanos-y-descubri-como-maximizar-la-gestion-de-tus-comisiones\\\/#primaryimage\",\"url\":\"https:\\\/\\\/www.xum-tech.com\\\/wp-content\\\/uploads\\\/2025\\\/11\\\/SPIFF.png\",\"contentUrl\":\"https:\\\/\\\/www.xum-tech.com\\\/wp-content\\\/uploads\\\/2025\\\/11\\\/SPIFF.png\"},{\"@type\":\"BreadcrumbList\",\"@id\":\"https:\\\/\\\/www.xum-tech.com\\\/contactanos-y-descubri-como-maximizar-la-gestion-de-tus-comisiones\\\/#breadcrumb\",\"itemListElement\":[{\"@type\":\"ListItem\",\"position\":1,\"name\":\"Portada\",\"item\":\"https:\\\/\\\/www.xum-tech.com\\\/\"},{\"@type\":\"ListItem\",\"position\":2,\"name\":\"Contactanos y descubr\u00ed c\u00f3mo maximizar la gesti\u00f3n de tus comisiones.\u200b\"}]},{\"@type\":\"WebSite\",\"@id\":\"https:\\\/\\\/www.xum-tech.com\\\/#website\",\"url\":\"https:\\\/\\\/www.xum-tech.com\\\/\",\"name\":\"XUMTECH\",\"description\":\"Experiencia digital\",\"publisher\":{\"@id\":\"https:\\\/\\\/www.xum-tech.com\\\/#organization\"},\"potentialAction\":[{\"@type\":\"SearchAction\",\"target\":{\"@type\":\"EntryPoint\",\"urlTemplate\":\"https:\\\/\\\/www.xum-tech.com\\\/?s={search_term_string}\"},\"query-input\":{\"@type\":\"PropertyValueSpecification\",\"valueRequired\":true,\"valueName\":\"search_term_string\"}}],\"inLanguage\":\"en-US\"},{\"@type\":\"Organization\",\"@id\":\"https:\\\/\\\/www.xum-tech.com\\\/#organization\",\"name\":\"XUMTECH\",\"url\":\"https:\\\/\\\/www.xum-tech.com\\\/\",\"logo\":{\"@type\":\"ImageObject\",\"inLanguage\":\"en-US\",\"@id\":\"https:\\\/\\\/www.xum-tech.com\\\/#\\\/schema\\\/logo\\\/image\\\/\",\"url\":\"https:\\\/\\\/www.xum-tech.com\\\/wp-content\\\/uploads\\\/2025\\\/02\\\/xt-logo.svg\",\"contentUrl\":\"https:\\\/\\\/www.xum-tech.com\\\/wp-content\\\/uploads\\\/2025\\\/02\\\/xt-logo.svg\",\"width\":104,\"height\":120,\"caption\":\"XUMTECH\"},\"image\":{\"@id\":\"https:\\\/\\\/www.xum-tech.com\\\/#\\\/schema\\\/logo\\\/image\\\/\"},\"sameAs\":[\"https:\\\/\\\/www.facebook.com\\\/people\\\/Xumtech-Experiencia-Digital\\\/100084848690331\\\/?sk=about\",\"https:\\\/\\\/www.linkedin.com\\\/company\\\/xumtech\\\/mycompany\"]}]}<\/script>\n<!-- \/ Yoast SEO plugin. -->","yoast_head_json":{"title":"Conversemos &#8212; XUMTECH","description":"Let\u2019s talk about your main concerns and challenges, and explore how our services can help you achieve your goals.","robots":{"index":"index","follow":"follow","max-snippet":"max-snippet:-1","max-image-preview":"max-image-preview:large","max-video-preview":"max-video-preview:-1"},"canonical":"https:\/\/www.xum-tech.com\/en\/contactanos-y-descubri-como-maximizar-la-gestion-de-tus-comisiones\/","og_locale":"en_US","og_type":"article","og_title":"Conversemos &#8212; XUMTECH","og_description":"Conversemos sobre sus principales inquietudes y retos, y valoremos c\u00f3mo nuestros servicios pueden aportar al logro de sus metas.","og_url":"https:\/\/www.xum-tech.com\/en\/contactanos-y-descubri-como-maximizar-la-gestion-de-tus-comisiones\/","og_site_name":"XUMTECH","article_publisher":"https:\/\/www.facebook.com\/people\/Xumtech-Experiencia-Digital\/100084848690331\/?sk=about","article_modified_time":"2025-11-07T14:03:59+00:00","og_image":[{"width":469,"height":189,"url":"https:\/\/www.xum-tech.com\/wp-content\/uploads\/2025\/11\/SPIFF.png","type":"image\/png"}],"twitter_card":"summary_large_image","twitter_misc":{"Est. reading time":"1 minute"},"schema":{"@context":"https:\/\/schema.org","@graph":[{"@type":"WebPage","@id":"https:\/\/www.xum-tech.com\/contactanos-y-descubri-como-maximizar-la-gestion-de-tus-comisiones\/","url":"https:\/\/www.xum-tech.com\/contactanos-y-descubri-como-maximizar-la-gestion-de-tus-comisiones\/","name":"Conversemos &#8212; XUMTECH","isPartOf":{"@id":"https:\/\/www.xum-tech.com\/#website"},"primaryImageOfPage":{"@id":"https:\/\/www.xum-tech.com\/contactanos-y-descubri-como-maximizar-la-gestion-de-tus-comisiones\/#primaryimage"},"image":{"@id":"https:\/\/www.xum-tech.com\/contactanos-y-descubri-como-maximizar-la-gestion-de-tus-comisiones\/#primaryimage"},"thumbnailUrl":"https:\/\/www.xum-tech.com\/wp-content\/uploads\/2025\/11\/SPIFF.png","datePublished":"2025-11-04T15:26:50+00:00","dateModified":"2025-11-07T14:03:59+00:00","description":"Let\u2019s talk about your main concerns and challenges, and explore how our services can help you achieve your goals.","breadcrumb":{"@id":"https:\/\/www.xum-tech.com\/contactanos-y-descubri-como-maximizar-la-gestion-de-tus-comisiones\/#breadcrumb"},"inLanguage":"en-US","potentialAction":[{"@type":"ReadAction","target":["https:\/\/www.xum-tech.com\/contactanos-y-descubri-como-maximizar-la-gestion-de-tus-comisiones\/"]}]},{"@type":"ImageObject","inLanguage":"en-US","@id":"https:\/\/www.xum-tech.com\/contactanos-y-descubri-como-maximizar-la-gestion-de-tus-comisiones\/#primaryimage","url":"https:\/\/www.xum-tech.com\/wp-content\/uploads\/2025\/11\/SPIFF.png","contentUrl":"https:\/\/www.xum-tech.com\/wp-content\/uploads\/2025\/11\/SPIFF.png"},{"@type":"BreadcrumbList","@id":"https:\/\/www.xum-tech.com\/contactanos-y-descubri-como-maximizar-la-gestion-de-tus-comisiones\/#breadcrumb","itemListElement":[{"@type":"ListItem","position":1,"name":"Portada","item":"https:\/\/www.xum-tech.com\/"},{"@type":"ListItem","position":2,"name":"Contactanos y descubr\u00ed c\u00f3mo maximizar la gesti\u00f3n de tus comisiones.\u200b"}]},{"@type":"WebSite","@id":"https:\/\/www.xum-tech.com\/#website","url":"https:\/\/www.xum-tech.com\/","name":"XUMTECH,","description":"Digital Experience","publisher":{"@id":"https:\/\/www.xum-tech.com\/#organization"},"potentialAction":[{"@type":"SearchAction","target":{"@type":"EntryPoint","urlTemplate":"https:\/\/www.xum-tech.com\/?s={search_term_string}"},"query-input":{"@type":"PropertyValueSpecification","valueRequired":true,"valueName":"search_term_string"}}],"inLanguage":"en-US"},{"@type":"Organization","@id":"https:\/\/www.xum-tech.com\/#organization","name":"XUMTECH,","url":"https:\/\/www.xum-tech.com\/","logo":{"@type":"ImageObject","inLanguage":"en-US","@id":"https:\/\/www.xum-tech.com\/#\/schema\/logo\/image\/","url":"https:\/\/www.xum-tech.com\/wp-content\/uploads\/2025\/02\/xt-logo.svg","contentUrl":"https:\/\/www.xum-tech.com\/wp-content\/uploads\/2025\/02\/xt-logo.svg","width":104,"height":120,"caption":"XUMTECH"},"image":{"@id":"https:\/\/www.xum-tech.com\/#\/schema\/logo\/image\/"},"sameAs":["https:\/\/www.facebook.com\/people\/Xumtech-Experiencia-Digital\/100084848690331\/?sk=about","https:\/\/www.linkedin.com\/company\/xumtech\/mycompany"]}]}},"jetpack_sharing_enabled":true,"_links":{"self":[{"href":"https:\/\/www.xum-tech.com\/en\/wp-json\/wp\/v2\/pages\/5286","targetHints":{"allow":["GET"]}}],"collection":[{"href":"https:\/\/www.xum-tech.com\/en\/wp-json\/wp\/v2\/pages"}],"about":[{"href":"https:\/\/www.xum-tech.com\/en\/wp-json\/wp\/v2\/types\/page"}],"author":[{"embeddable":true,"href":"https:\/\/www.xum-tech.com\/en\/wp-json\/wp\/v2\/users\/1"}],"replies":[{"embeddable":true,"href":"https:\/\/www.xum-tech.com\/en\/wp-json\/wp\/v2\/comments?post=5286"}],"version-history":[{"count":21,"href":"https:\/\/www.xum-tech.com\/en\/wp-json\/wp\/v2\/pages\/5286\/revisions"}],"predecessor-version":[{"id":5310,"href":"https:\/\/www.xum-tech.com\/en\/wp-json\/wp\/v2\/pages\/5286\/revisions\/5310"}],"wp:attachment":[{"href":"https:\/\/www.xum-tech.com\/en\/wp-json\/wp\/v2\/media?parent=5286"}],"curies":[{"name":"wp","href":"https:\/\/api.w.org\/{rel}","templated":true}]}}